{"id":950,"date":"2020-09-07T07:38:35","date_gmt":"2020-09-07T13:38:35","guid":{"rendered":"http:\/\/elcazadorguatemala.com\/gt\/?post_type=product&#038;p=950"},"modified":"2020-09-07T07:38:35","modified_gmt":"2020-09-07T13:38:35","slug":"uncle-mikes-law-enforcement","status":"publish","type":"product","link":"https:\/\/elcazadorguatemala.com\/gt\/product\/uncle-mikes-law-enforcement\/","title":{"rendered":"UNCLE MIKE&#8217;S LAW ENFORCEMENT"},"content":{"rendered":"","protected":false},"excerpt":{"rendered":"<p><span data-sheets-value=\"{&quot;1&quot;:2,&quot;2&quot;:&quot;Caracter\u00edsticas: paleta Kydex semirr\u00edgida ajustable con un tensor ajustable en forma de S para detener el movimiento, construcci\u00f3n robusta de pol\u00edmero y ajuste para el transporte hacia adelante, vertical o bozal hacia adelante. La funda se puede usar para transporte est\u00e1ndar, crossdraw y de ap\u00e9ndice. El borde delantero delantero se corta en la parte superior para permitir un dibujo m\u00e1s suave.\/ FITS BERETTA 92,96&quot;}\" data-sheets-userformat=\"{&quot;2&quot;:11261,&quot;3&quot;:{&quot;1&quot;:0},&quot;5&quot;:{&quot;1&quot;:[{&quot;1&quot;:2,&quot;2&quot;:0,&quot;5&quot;:{&quot;1&quot;:2,&quot;2&quot;:0}},{&quot;1&quot;:0,&quot;2&quot;:0,&quot;3&quot;:3},{&quot;1&quot;:1,&quot;2&quot;:0,&quot;4&quot;:1}]},&quot;6&quot;:{&quot;1&quot;:[{&quot;1&quot;:2,&quot;2&quot;:0,&quot;5&quot;:{&quot;1&quot;:2,&quot;2&quot;:0}},{&quot;1&quot;:0,&quot;2&quot;:0,&quot;3&quot;:3},{&quot;1&quot;:1,&quot;2&quot;:0,&quot;4&quot;:1}]},&quot;7&quot;:{&quot;1&quot;:[{&quot;1&quot;:2,&quot;2&quot;:0,&quot;5&quot;:{&quot;1&quot;:2,&quot;2&quot;:0}},{&quot;1&quot;:0,&quot;2&quot;:0,&quot;3&quot;:3},{&quot;1&quot;:1,&quot;2&quot;:0,&quot;4&quot;:1}]},&quot;8&quot;:{&quot;1&quot;:[{&quot;1&quot;:2,&quot;2&quot;:0,&quot;5&quot;:{&quot;1&quot;:2,&quot;2&quot;:0}},{&quot;1&quot;:0,&quot;2&quot;:0,&quot;3&quot;:3},{&quot;1&quot;:1,&quot;2&quot;:0,&quot;4&quot;:1}]},&quot;9&quot;:1,&quot;10&quot;:1,&quot;11&quot;:4,&quot;12&quot;:0,&quot;14&quot;:{&quot;1&quot;:2,&quot;2&quot;:0},&quot;16&quot;:12}\">Caracter\u00edsticas: paleta Kydex semirr\u00edgida ajustable con un tensor ajustable en forma de S para detener el movimiento, construcci\u00f3n robusta de pol\u00edmero y ajuste para el transporte hacia adelante, vertical o bozal hacia adelante. La funda se puede usar para transporte est\u00e1ndar, crossdraw y de ap\u00e9ndice. El borde delantero delantero se corta en la parte superior para permitir un dibujo m\u00e1s suave.\/ FITS BERETTA 92,96<\/span><\/p>\n","protected":false},"featured_media":951,"comment_status":"open","ping_status":"closed","template":"","meta":[],"product_cat":[56],"product_tag":[260],"class_list":{"0":"post-950","1":"product","2":"type-product","3":"status-publish","4":"has-post-thumbnail","6":"product_cat-uncategorized-2","7":"product_tag-kindex-holster","9":"first","10":"instock","11":"sale","12":"taxable","13":"shipping-taxable","14":"purchasable","15":"product-type-simple"},"_links":{"self":[{"href":"https:\/\/elcazadorguatemala.com\/gt\/wp-json\/wp\/v2\/product\/950","targetHints":{"allow":["GET"]}}],"collection":[{"href":"https:\/\/elcazadorguatemala.com\/gt\/wp-json\/wp\/v2\/product"}],"about":[{"href":"https:\/\/elcazadorguatemala.com\/gt\/wp-json\/wp\/v2\/types\/product"}],"replies":[{"embeddable":true,"href":"https:\/\/elcazadorguatemala.com\/gt\/wp-json\/wp\/v2\/comments?post=950"}],"wp:featuredmedia":[{"embeddable":true,"href":"https:\/\/elcazadorguatemala.com\/gt\/wp-json\/wp\/v2\/media\/951"}],"wp:attachment":[{"href":"https:\/\/elcazadorguatemala.com\/gt\/wp-json\/wp\/v2\/media?parent=950"}],"wp:term":[{"taxonomy":"product_cat","embeddable":true,"href":"https:\/\/elcazadorguatemala.com\/gt\/wp-json\/wp\/v2\/product_cat?post=950"},{"taxonomy":"product_tag","embeddable":true,"href":"https:\/\/elcazadorguatemala.com\/gt\/wp-json\/wp\/v2\/product_tag?post=950"}],"curies":[{"name":"wp","href":"https:\/\/api.w.org\/{rel}","templated":true}]}}