{"id":934,"date":"2020-09-07T07:11:29","date_gmt":"2020-09-07T13:11:29","guid":{"rendered":"http:\/\/elcazadorguatemala.com\/gt\/?post_type=product&#038;p=934"},"modified":"2020-09-07T07:11:29","modified_gmt":"2020-09-07T13:11:29","slug":"orpaz-defensa-activa-retention-roto-holster-con-de-polimero-de-rotacion-tactical-paddle-tention-ajustment-para-jericho-941-o-de-9-mm-40","status":"publish","type":"product","link":"https:\/\/elcazadorguatemala.com\/gt\/product\/orpaz-defensa-activa-retention-roto-holster-con-de-polimero-de-rotacion-tactical-paddle-tention-ajustment-para-jericho-941-o-de-9-mm-40\/","title":{"rendered":"orpaz defensa activa Retention Roto Holster con de pol\u00edmero de rotaci\u00f3n Tactical Paddle Tention Ajustment para Jericho 941 o de 9 mm .40"},"content":{"rendered":"","protected":false},"excerpt":{"rendered":"<p><span data-sheets-value=\"{&quot;1&quot;:2,&quot;2&quot;:&quot;orpaz Holsters le dan las respuestas a todas las preocupaciones que tenga acerca de la innovaci\u00f3n y la durabilidad.\\r\\nEl orpaz Holster es Custom moldeado con nailon 6 pol\u00edmero y combate probado, que es fuerte, el\u00e1stica y altamente resistente a la abrasi\u00f3n y productos qu\u00edmicos.\\r\\nEste orpaz Holster cuenta con un innovador dise\u00f1o de 2 piezas para permitir rotaci\u00f3n de 360 grados que se ajusta f\u00e1cilmente para cross-draw, Bodyguard\/conductor, small-of-the-back, y strong-side lleva.\\r\\nEl nuevo dise\u00f1o ha 1 tornillo que permite ajustar la posici\u00f3n y un 2 nd (rosca para bloquear la posici\u00f3n en caso de que la primera no era lo suficientemente apretado, no se permiten girar m\u00e1s de unos pocos grados.\\r\\nEl orpaz Holster cuenta tambi\u00e9n con una tensi\u00f3n tornillo de ajuste que se puede apretar o aflojar depende de la facilidad de presentaci\u00f3n y retenci\u00f3n de la seguridad de que usted se sienta c\u00f3modo.\\r\\nOtro invento que ofrece este orpaz Gun Holster es la pieza pointing puntos en la parte trasera que permite que esta funda para ser utilizado como h\u00e9lices para (cintura) o en un cintur\u00f3n (hasta 2 pulgadas de ancho) sin el dolor de cabeza de la pieza de la espalda de conmutaci\u00f3n&quot;}\" data-sheets-userformat=\"{&quot;2&quot;:11261,&quot;3&quot;:{&quot;1&quot;:0},&quot;5&quot;:{&quot;1&quot;:[{&quot;1&quot;:2,&quot;2&quot;:0,&quot;5&quot;:{&quot;1&quot;:2,&quot;2&quot;:0}},{&quot;1&quot;:0,&quot;2&quot;:0,&quot;3&quot;:3},{&quot;1&quot;:1,&quot;2&quot;:0,&quot;4&quot;:1}]},&quot;6&quot;:{&quot;1&quot;:[{&quot;1&quot;:2,&quot;2&quot;:0,&quot;5&quot;:{&quot;1&quot;:2,&quot;2&quot;:0}},{&quot;1&quot;:0,&quot;2&quot;:0,&quot;3&quot;:3},{&quot;1&quot;:1,&quot;2&quot;:0,&quot;4&quot;:1}]},&quot;7&quot;:{&quot;1&quot;:[{&quot;1&quot;:2,&quot;2&quot;:0,&quot;5&quot;:{&quot;1&quot;:2,&quot;2&quot;:0}},{&quot;1&quot;:0,&quot;2&quot;:0,&quot;3&quot;:3},{&quot;1&quot;:1,&quot;2&quot;:0,&quot;4&quot;:1}]},&quot;8&quot;:{&quot;1&quot;:[{&quot;1&quot;:2,&quot;2&quot;:0,&quot;5&quot;:{&quot;1&quot;:2,&quot;2&quot;:0}},{&quot;1&quot;:0,&quot;2&quot;:0,&quot;3&quot;:3},{&quot;1&quot;:1,&quot;2&quot;:0,&quot;4&quot;:1}]},&quot;9&quot;:1,&quot;10&quot;:1,&quot;11&quot;:4,&quot;12&quot;:0,&quot;14&quot;:{&quot;1&quot;:2,&quot;2&quot;:0},&quot;16&quot;:12}\">orpaz Holsters le dan las respuestas a todas las preocupaciones que tenga acerca de la innovaci\u00f3n y la durabilidad.<br \/>\nEl orpaz Holster es Custom moldeado con nailon 6 pol\u00edmero y combate probado, que es fuerte, el\u00e1stica y altamente resistente a la abrasi\u00f3n y productos qu\u00edmicos.<br \/>\nEste orpaz Holster cuenta con un innovador dise\u00f1o de 2 piezas para permitir rotaci\u00f3n de 360 grados que se ajusta f\u00e1cilmente para cross-draw, Bodyguard\/conductor, small-of-the-back, y strong-side lleva.<br \/>\nEl nuevo dise\u00f1o ha 1 tornillo que permite ajustar la posici\u00f3n y un 2 nd (rosca para bloquear la posici\u00f3n en caso de que la primera no era lo suficientemente apretado, no se permiten girar m\u00e1s de unos pocos grados.<br \/>\nEl orpaz Holster cuenta tambi\u00e9n con una tensi\u00f3n tornillo de ajuste que se puede apretar o aflojar depende de la facilidad de presentaci\u00f3n y retenci\u00f3n de la seguridad de que usted se sienta c\u00f3modo.<br \/>\nOtro invento que ofrece este orpaz Gun Holster es la pieza pointing puntos en la parte trasera que permite que esta funda para ser utilizado como h\u00e9lices para (cintura) o en un cintur\u00f3n (hasta 2 pulgadas de ancho) sin el dolor de cabeza de la pieza de la espalda de conmutaci\u00f3n<\/span><\/p>\n","protected":false},"featured_media":935,"comment_status":"open","ping_status":"closed","template":"","meta":[],"product_cat":[56],"product_tag":[253],"class_list":{"0":"post-934","1":"product","2":"type-product","3":"status-publish","4":"has-post-thumbnail","6":"product_cat-uncategorized-2","7":"product_tag-orpaz-defensa-activa-retention-roto-holster-con-de-polimero-de-rotacion-tactical-paddle-tention-ajustment-para-jericho-941-o-de-9-mm","9":"first","10":"instock","11":"sale","12":"taxable","13":"shipping-taxable","14":"purchasable","15":"product-type-simple"},"_links":{"self":[{"href":"https:\/\/elcazadorguatemala.com\/gt\/wp-json\/wp\/v2\/product\/934","targetHints":{"allow":["GET"]}}],"collection":[{"href":"https:\/\/elcazadorguatemala.com\/gt\/wp-json\/wp\/v2\/product"}],"about":[{"href":"https:\/\/elcazadorguatemala.com\/gt\/wp-json\/wp\/v2\/types\/product"}],"replies":[{"embeddable":true,"href":"https:\/\/elcazadorguatemala.com\/gt\/wp-json\/wp\/v2\/comments?post=934"}],"wp:featuredmedia":[{"embeddable":true,"href":"https:\/\/elcazadorguatemala.com\/gt\/wp-json\/wp\/v2\/media\/935"}],"wp:attachment":[{"href":"https:\/\/elcazadorguatemala.com\/gt\/wp-json\/wp\/v2\/media?parent=934"}],"wp:term":[{"taxonomy":"product_cat","embeddable":true,"href":"https:\/\/elcazadorguatemala.com\/gt\/wp-json\/wp\/v2\/product_cat?post=934"},{"taxonomy":"product_tag","embeddable":true,"href":"https:\/\/elcazadorguatemala.com\/gt\/wp-json\/wp\/v2\/product_tag?post=934"}],"curies":[{"name":"wp","href":"https:\/\/api.w.org\/{rel}","templated":true}]}}