{"id":862,"date":"2020-09-05T11:24:00","date_gmt":"2020-09-05T17:24:00","guid":{"rendered":"http:\/\/elcazadorguatemala.com\/gt\/?post_type=product&#038;p=862"},"modified":"2023-03-09T16:02:16","modified_gmt":"2023-03-09T22:02:16","slug":"funda-para-cinturon-utg-diestro-negro","status":"publish","type":"product","link":"https:\/\/elcazadorguatemala.com\/gt\/product\/funda-para-cinturon-utg-diestro-negro\/","title":{"rendered":"Funda para cintur\u00f3n UTG\u00ae, diestro, negro"},"content":{"rendered":"","protected":false},"excerpt":{"rendered":"<p><span data-sheets-value=\"{&quot;1&quot;:2,&quot;2&quot;:&quot;\u2022  Dise\u00f1ado para adaptarse a las pistolas m\u00e1s compactas y de tama\u00f1o completo\\n\u2022  Costuras y materiales reforzados para mayor protecci\u00f3n contra el desgaste.\\n\u2022  Retenci\u00f3n ajustable de la correa de la funda con hebilla de liberaci\u00f3n r\u00e1pida\\n\u2022  Bolsa de revista incorporada con correa de retenci\u00f3n de gancho y bucle\\n\u2022  Correa de retenci\u00f3n de correa duradera con velcro&quot;}\" data-sheets-userformat=\"{&quot;2&quot;:10749,&quot;3&quot;:{&quot;1&quot;:0,&quot;3&quot;:1},&quot;5&quot;:{&quot;1&quot;:[{&quot;1&quot;:2,&quot;2&quot;:0,&quot;5&quot;:{&quot;1&quot;:2,&quot;2&quot;:0}},{&quot;1&quot;:0,&quot;2&quot;:0,&quot;3&quot;:3},{&quot;1&quot;:1,&quot;2&quot;:0,&quot;4&quot;:1}]},&quot;6&quot;:{&quot;1&quot;:[{&quot;1&quot;:2,&quot;2&quot;:0,&quot;5&quot;:{&quot;1&quot;:2,&quot;2&quot;:0}},{&quot;1&quot;:0,&quot;2&quot;:0,&quot;3&quot;:3},{&quot;1&quot;:1,&quot;2&quot;:0,&quot;4&quot;:1}]},&quot;7&quot;:{&quot;1&quot;:[{&quot;1&quot;:2,&quot;2&quot;:0,&quot;5&quot;:{&quot;1&quot;:2,&quot;2&quot;:0}},{&quot;1&quot;:0,&quot;2&quot;:0,&quot;3&quot;:3},{&quot;1&quot;:1,&quot;2&quot;:0,&quot;4&quot;:1}]},&quot;8&quot;:{&quot;1&quot;:[{&quot;1&quot;:2,&quot;2&quot;:0,&quot;5&quot;:{&quot;1&quot;:2,&quot;2&quot;:0}},{&quot;1&quot;:0,&quot;2&quot;:0,&quot;3&quot;:3},{&quot;1&quot;:1,&quot;2&quot;:0,&quot;4&quot;:1}]},&quot;9&quot;:1,&quot;10&quot;:1,&quot;11&quot;:4,&quot;14&quot;:{&quot;1&quot;:3,&quot;3&quot;:1},&quot;16&quot;:12}\">\u2022 Dise\u00f1ado para adaptarse a las pistolas m\u00e1s compactas y de tama\u00f1o completo<br \/>\n\u2022 Costuras y materiales reforzados para mayor protecci\u00f3n contra el desgaste.<br \/>\n\u2022 Retenci\u00f3n ajustable de la correa de la funda con hebilla de liberaci\u00f3n r\u00e1pida<br \/>\n\u2022 Bolsa de revista incorporada con correa de retenci\u00f3n de gancho y bucle<br \/>\n\u2022 Correa de retenci\u00f3n de correa duradera con velcro<\/span><\/p>\n","protected":false},"featured_media":863,"comment_status":"open","ping_status":"closed","template":"","meta":[],"product_cat":[56],"product_tag":[202],"class_list":{"0":"post-862","1":"product","2":"type-product","3":"status-publish","4":"has-post-thumbnail","6":"product_cat-uncategorized-2","7":"product_tag-belt-holster","9":"first","10":"instock","11":"sale","12":"taxable","13":"shipping-taxable","14":"purchasable","15":"product-type-simple"},"_links":{"self":[{"href":"https:\/\/elcazadorguatemala.com\/gt\/wp-json\/wp\/v2\/product\/862","targetHints":{"allow":["GET"]}}],"collection":[{"href":"https:\/\/elcazadorguatemala.com\/gt\/wp-json\/wp\/v2\/product"}],"about":[{"href":"https:\/\/elcazadorguatemala.com\/gt\/wp-json\/wp\/v2\/types\/product"}],"replies":[{"embeddable":true,"href":"https:\/\/elcazadorguatemala.com\/gt\/wp-json\/wp\/v2\/comments?post=862"}],"wp:featuredmedia":[{"embeddable":true,"href":"https:\/\/elcazadorguatemala.com\/gt\/wp-json\/wp\/v2\/media\/863"}],"wp:attachment":[{"href":"https:\/\/elcazadorguatemala.com\/gt\/wp-json\/wp\/v2\/media?parent=862"}],"wp:term":[{"taxonomy":"product_cat","embeddable":true,"href":"https:\/\/elcazadorguatemala.com\/gt\/wp-json\/wp\/v2\/product_cat?post=862"},{"taxonomy":"product_tag","embeddable":true,"href":"https:\/\/elcazadorguatemala.com\/gt\/wp-json\/wp\/v2\/product_tag?post=862"}],"curies":[{"name":"wp","href":"https:\/\/api.w.org\/{rel}","templated":true}]}}