{"id":826,"date":"2020-09-03T10:36:56","date_gmt":"2020-09-03T16:36:56","guid":{"rendered":"http:\/\/elcazadorguatemala.com\/gt\/?post_type=product&#038;p=826"},"modified":"2020-09-03T10:36:56","modified_gmt":"2020-09-03T16:36:56","slug":"utg-true-huntress-chaleco-deportivo-femenino-s-m-builds-negro","status":"publish","type":"product","link":"https:\/\/elcazadorguatemala.com\/gt\/product\/utg-true-huntress-chaleco-deportivo-femenino-s-m-builds-negro\/","title":{"rendered":"\u00abUTG TRUE HUNTRESS\u00ae Chaleco deportivo femenino, S &#038; M Builds, Negro\t \u00ab"},"content":{"rendered":"","protected":false},"excerpt":{"rendered":"<p><span data-sheets-value=\"{&quot;1&quot;:2,&quot;2&quot;:&quot;\u2022 \\tChaleco deportivo femenino ambidiestro serie UTG TRUE HUNTRESS\u00ae, dise\u00f1ado por mujeres para mujeres y aprobado por todos.\\r\\n\u2022 \\tEstilo deportivo y corte de corte para complementar las diferentes construcciones de deportistas femeninas\\r\\n\u2022 \\tConstruido con material de poli\u00e9ster sint\u00e9tico duradero con malla de nylon interna para el uso prolongado m\u00e1s c\u00f3modo en la caza, el tiro y diversas actividades al aire libre\\r\\n\u2022 \\tDise\u00f1o de panel frontal y posterior de 25 pulgadas de largo con cordones el\u00e1sticos de alta calidad roscados a trav\u00e9s de 10 pares de ojales en cada lado del cuerpo para ajustar la circunferencia del chaleco de 34 pulgadas a 44 pulgadas para un ajuste \u00f3ptimo y bien proporcionado en construcciones peque\u00f1as o medianas; Recorte los cables excesivos y selle con calor los extremos\\r\\n\u2022 \\tTodos los bolsillos dise\u00f1ados con especial atenci\u00f3n a las necesidades deportivas femeninas y el uso ambidiestro\\r\\n\u2022 \\tBolsillos exteriores delanteros: 2 bolsillos en el pecho con cremallera para tel\u00e9fonos inteligentes, gafas protectoras y tapones para los o\u00eddos; 2 bolsillos horizontales ocultos con cierre de velcro para pistolas de armaz\u00f3n peque\u00f1as\\r\\n\u2022 \\t2 bolsillos con cremallera en la cintura para municiones. Bolsillos interiores frontales: bolsillos en el pecho con cierre de gancho y bucle, completo con almohadillas cortadas para proteger contra el retroceso\\r\\n\u2022 \\t2 bolsillos horizontales con cremallera para dispositivos electr\u00f3nicos con conectores para auriculares, adem\u00e1s de protectores de cable para auriculares, 2 en cada lado, a lo largo del interior de la cremallera frontal para un uso seguro y organizado de los dispositivos\\r\\n\u2022 \\t2 bolsillos inferiores con cremallera para otros accesorios peque\u00f1os. Gran bolsillo trasero inferior con 2 aberturas de f\u00e1cil acceso para colocar conchas vac\u00edas u otros objetos de gran tama\u00f1o, acceso y eliminaci\u00f3n igualmente f\u00e1ciles abriendo la cremallera inferior inferior\\r\\n\u2022 \\tPlegable inteligente en la parte posterior para m\u00e1xima comodidad y maniobrabilidad&quot;}\" data-sheets-userformat=\"{&quot;2&quot;:11261,&quot;3&quot;:{&quot;1&quot;:0},&quot;5&quot;:{&quot;1&quot;:[{&quot;1&quot;:2,&quot;2&quot;:0,&quot;5&quot;:{&quot;1&quot;:2,&quot;2&quot;:0}},{&quot;1&quot;:0,&quot;2&quot;:0,&quot;3&quot;:3},{&quot;1&quot;:1,&quot;2&quot;:0,&quot;4&quot;:1}]},&quot;6&quot;:{&quot;1&quot;:[{&quot;1&quot;:2,&quot;2&quot;:0,&quot;5&quot;:{&quot;1&quot;:2,&quot;2&quot;:0}},{&quot;1&quot;:0,&quot;2&quot;:0,&quot;3&quot;:3},{&quot;1&quot;:1,&quot;2&quot;:0,&quot;4&quot;:1}]},&quot;7&quot;:{&quot;1&quot;:[{&quot;1&quot;:2,&quot;2&quot;:0,&quot;5&quot;:{&quot;1&quot;:2,&quot;2&quot;:0}},{&quot;1&quot;:0,&quot;2&quot;:0,&quot;3&quot;:3},{&quot;1&quot;:1,&quot;2&quot;:0,&quot;4&quot;:1}]},&quot;8&quot;:{&quot;1&quot;:[{&quot;1&quot;:2,&quot;2&quot;:0,&quot;5&quot;:{&quot;1&quot;:2,&quot;2&quot;:0}},{&quot;1&quot;:0,&quot;2&quot;:0,&quot;3&quot;:3},{&quot;1&quot;:1,&quot;2&quot;:0,&quot;4&quot;:1}]},&quot;9&quot;:1,&quot;10&quot;:1,&quot;11&quot;:4,&quot;12&quot;:0,&quot;14&quot;:{&quot;1&quot;:2,&quot;2&quot;:0},&quot;16&quot;:12}\">\u2022 Chaleco deportivo femenino ambidiestro serie UTG TRUE HUNTRESS\u00ae, dise\u00f1ado por mujeres para mujeres y aprobado por todos.<br \/>\n\u2022 Estilo deportivo y corte de corte para complementar las diferentes construcciones de deportistas femeninas<br \/>\n\u2022 Construido con material de poli\u00e9ster sint\u00e9tico duradero con malla de nylon interna para el uso prolongado m\u00e1s c\u00f3modo en la caza, el tiro y diversas actividades al aire libre<br \/>\n\u2022 Dise\u00f1o de panel frontal y posterior de 25 pulgadas de largo con cordones el\u00e1sticos de alta calidad roscados a trav\u00e9s de 10 pares de ojales en cada lado del cuerpo para ajustar la circunferencia del chaleco de 34 pulgadas a 44 pulgadas para un ajuste \u00f3ptimo y bien proporcionado en construcciones peque\u00f1as o medianas; Recorte los cables excesivos y selle con calor los extremos<br \/>\n\u2022 Todos los bolsillos dise\u00f1ados con especial atenci\u00f3n a las necesidades deportivas femeninas y el uso ambidiestro<br \/>\n\u2022 Bolsillos exteriores delanteros: 2 bolsillos en el pecho con cremallera para tel\u00e9fonos inteligentes, gafas protectoras y tapones para los o\u00eddos; 2 bolsillos horizontales ocultos con cierre de velcro para pistolas de armaz\u00f3n peque\u00f1as<br \/>\n\u2022 2 bolsillos con cremallera en la cintura para municiones. Bolsillos interiores frontales: bolsillos en el pecho con cierre de gancho y bucle, completo con almohadillas cortadas para proteger contra el retroceso<br \/>\n\u2022 2 bolsillos horizontales con cremallera para dispositivos electr\u00f3nicos con conectores para auriculares, adem\u00e1s de protectores de cable para auriculares, 2 en cada lado, a lo largo del interior de la cremallera frontal para un uso seguro y organizado de los dispositivos<br \/>\n\u2022 2 bolsillos inferiores con cremallera para otros accesorios peque\u00f1os. Gran bolsillo trasero inferior con 2 aberturas de f\u00e1cil acceso para colocar conchas vac\u00edas u otros objetos de gran tama\u00f1o, acceso y eliminaci\u00f3n igualmente f\u00e1ciles abriendo la cremallera inferior inferior<br \/>\n\u2022 Plegable inteligente en la parte posterior para m\u00e1xima comodidad y maniobrabilidad<\/span><\/p>\n","protected":false},"featured_media":827,"comment_status":"open","ping_status":"closed","template":"","meta":[],"product_cat":[56],"product_tag":[191],"class_list":{"0":"post-826","1":"product","2":"type-product","3":"status-publish","4":"has-post-thumbnail","6":"product_cat-uncategorized-2","7":"product_tag-utg-true-huntress-female-sporting-vest-34-40","9":"first","10":"instock","11":"sale","12":"taxable","13":"shipping-taxable","14":"purchasable","15":"product-type-simple"},"_links":{"self":[{"href":"https:\/\/elcazadorguatemala.com\/gt\/wp-json\/wp\/v2\/product\/826","targetHints":{"allow":["GET"]}}],"collection":[{"href":"https:\/\/elcazadorguatemala.com\/gt\/wp-json\/wp\/v2\/product"}],"about":[{"href":"https:\/\/elcazadorguatemala.com\/gt\/wp-json\/wp\/v2\/types\/product"}],"replies":[{"embeddable":true,"href":"https:\/\/elcazadorguatemala.com\/gt\/wp-json\/wp\/v2\/comments?post=826"}],"wp:featuredmedia":[{"embeddable":true,"href":"https:\/\/elcazadorguatemala.com\/gt\/wp-json\/wp\/v2\/media\/827"}],"wp:attachment":[{"href":"https:\/\/elcazadorguatemala.com\/gt\/wp-json\/wp\/v2\/media?parent=826"}],"wp:term":[{"taxonomy":"product_cat","embeddable":true,"href":"https:\/\/elcazadorguatemala.com\/gt\/wp-json\/wp\/v2\/product_cat?post=826"},{"taxonomy":"product_tag","embeddable":true,"href":"https:\/\/elcazadorguatemala.com\/gt\/wp-json\/wp\/v2\/product_tag?post=826"}],"curies":[{"name":"wp","href":"https:\/\/api.w.org\/{rel}","templated":true}]}}