{"id":799,"date":"2020-09-02T17:54:39","date_gmt":"2020-09-02T23:54:39","guid":{"rendered":"http:\/\/elcazadorguatemala.com\/gt\/?post_type=product&#038;p=799"},"modified":"2021-02-21T11:03:00","modified_gmt":"2021-02-21T17:03:00","slug":"jrm-2-sh-iwi-jericho-941-steel-frames-f-r-fs-rs-with-rails","status":"publish","type":"product","link":"https:\/\/elcazadorguatemala.com\/gt\/product\/jrm-2-sh-iwi-jericho-941-steel-frames-f-r-fs-rs-with-rails\/","title":{"rendered":"\u00abJRM-2 SH IWI Jericho 941 Steel Frames F\/R, FS\/RS (with rails)\u00bb"},"content":{"rendered":"","protected":false},"excerpt":{"rendered":"<p><span data-sheets-value=\"{&quot;1&quot;:2,&quot;2&quot;:&quot;Mecanismo de funda\\nSistema de bloqueo de protecci\u00f3n de gatillo\\nOpciones de montaje\\n(P) Paleta\\n(BH) Soporte para cintur\u00f3n\\n(BHP) Soporte para cintur\u00f3n de polic\u00eda\\n(RT) Paleta giratoria\\n(BH RT) Soporte giratorio para cintur\u00f3n\\n(BHP RT) Soporte giratorio para cinTur\u00f3n de polic\u00eda\\n(EX) Plataforma de muslo\\n(VARIO) Bucle de cintur\u00f3n variable\\n(VARIO RT) Bucle de cintur\u00f3n variable giratorio\\n(MND) Accesorio MOLLE\\n(MEX) Soporte de cintur\u00f3n giratorio de recorrido bajo\\n\\n \\n\\nBolsas a juego\\n\\n6909ND\\n\\nCU9\\n\\n3901-9\\n\\n6909-SF\\n\\n \\n\\nC\u00f3mo utilizar\\n\\nNo use esta funda cuando lleve una pistola con una bala en la rec\u00e1mara. Aprieta tu cinturon. Coloque la funda en su cadera y aseg\u00farese de que la paleta est\u00e9 completamente hacia abajo en su cintur\u00f3n. Para soltar y sacar, presione el bot\u00f3n de liberaci\u00f3n mientras sujeta la pistola.\\n \\nInformaci\u00f3n t\u00e9cnica\\n\\nF\u00f3rmula de pol\u00edmero inyectado en molde. Retenci\u00f3n del gatillo: retenci\u00f3n activa que sostiene el arma en el guardamonte hasta que se suelta con el dedo \u00edndice del portador.&quot;}\" data-sheets-userformat=\"{&quot;2&quot;:11261,&quot;3&quot;:{&quot;1&quot;:0},&quot;5&quot;:{&quot;1&quot;:[{&quot;1&quot;:2,&quot;2&quot;:0,&quot;5&quot;:{&quot;1&quot;:2,&quot;2&quot;:0}},{&quot;1&quot;:0,&quot;2&quot;:0,&quot;3&quot;:3},{&quot;1&quot;:1,&quot;2&quot;:0,&quot;4&quot;:1}]},&quot;6&quot;:{&quot;1&quot;:[{&quot;1&quot;:2,&quot;2&quot;:0,&quot;5&quot;:{&quot;1&quot;:2,&quot;2&quot;:0}},{&quot;1&quot;:0,&quot;2&quot;:0,&quot;3&quot;:3},{&quot;1&quot;:1,&quot;2&quot;:0,&quot;4&quot;:1}]},&quot;7&quot;:{&quot;1&quot;:[{&quot;1&quot;:2,&quot;2&quot;:0,&quot;5&quot;:{&quot;1&quot;:2,&quot;2&quot;:0}},{&quot;1&quot;:0,&quot;2&quot;:0,&quot;3&quot;:3},{&quot;1&quot;:1,&quot;2&quot;:0,&quot;4&quot;:1}]},&quot;8&quot;:{&quot;1&quot;:[{&quot;1&quot;:2,&quot;2&quot;:0,&quot;5&quot;:{&quot;1&quot;:2,&quot;2&quot;:0}},{&quot;1&quot;:0,&quot;2&quot;:0,&quot;3&quot;:3},{&quot;1&quot;:1,&quot;2&quot;:0,&quot;4&quot;:1}]},&quot;9&quot;:1,&quot;10&quot;:1,&quot;11&quot;:4,&quot;12&quot;:0,&quot;14&quot;:{&quot;1&quot;:2,&quot;2&quot;:0},&quot;16&quot;:12}\">Mecanismo de funda<br \/>\nSistema de bloqueo de protecci\u00f3n de gatillo<br \/>\nOpciones de montaje<br \/>\n(P) Paleta<br \/>\n(BH) Soporte para cintur\u00f3n<br \/>\n(BHP) Soporte para cintur\u00f3n de polic\u00eda<br \/>\n(RT) Paleta giratoria<br \/>\n(BH RT) Soporte giratorio para cintur\u00f3n<br \/>\n(BHP RT) Soporte giratorio para cinTur\u00f3n de polic\u00eda<br \/>\n(EX) Plataforma de muslo<br \/>\n(VARIO) Bucle de cintur\u00f3n variable<br \/>\n(VARIO RT) Bucle de cintur\u00f3n variable giratorio<br \/>\n(MND) Accesorio MOLLE<br \/>\n(MEX) Soporte de cintur\u00f3n giratorio de recorrido bajo<\/span><\/p>\n<p>Bolsas a juego \/ 6909ND \/ CU9 \/ 3901-9 \/ 6909-SF<\/p>\n<p>C\u00f3mo utilizar<\/p>\n<p>No use esta funda cuando lleve una pistola con una bala en la rec\u00e1mara. Aprieta tu cinturon. Coloque la funda en su cadera y aseg\u00farese de que la paleta est\u00e9 completamente hacia abajo en su cintur\u00f3n. Para soltar y sacar, presione el bot\u00f3n de liberaci\u00f3n mientras sujeta la pistola.<\/p>\n<p>Informaci\u00f3n t\u00e9cnica<\/p>\n<p>F\u00f3rmula de pol\u00edmero inyectado en molde. Retenci\u00f3n del gatillo: retenci\u00f3n activa que sostiene el arma en el guardamonte hasta que se suelta con el dedo \u00edndice del portador.<\/p>\n","protected":false},"featured_media":800,"comment_status":"open","ping_status":"closed","template":"","meta":[],"product_cat":[56],"product_tag":[179],"class_list":{"0":"post-799","1":"product","2":"type-product","3":"status-publish","4":"has-post-thumbnail","6":"product_cat-uncategorized-2","7":"product_tag-funda-fobus-jericho-941","9":"first","10":"outofstock","11":"sale","12":"taxable","13":"shipping-taxable","14":"purchasable","15":"product-type-simple"},"_links":{"self":[{"href":"https:\/\/elcazadorguatemala.com\/gt\/wp-json\/wp\/v2\/product\/799","targetHints":{"allow":["GET"]}}],"collection":[{"href":"https:\/\/elcazadorguatemala.com\/gt\/wp-json\/wp\/v2\/product"}],"about":[{"href":"https:\/\/elcazadorguatemala.com\/gt\/wp-json\/wp\/v2\/types\/product"}],"replies":[{"embeddable":true,"href":"https:\/\/elcazadorguatemala.com\/gt\/wp-json\/wp\/v2\/comments?post=799"}],"wp:featuredmedia":[{"embeddable":true,"href":"https:\/\/elcazadorguatemala.com\/gt\/wp-json\/wp\/v2\/media\/800"}],"wp:attachment":[{"href":"https:\/\/elcazadorguatemala.com\/gt\/wp-json\/wp\/v2\/media?parent=799"}],"wp:term":[{"taxonomy":"product_cat","embeddable":true,"href":"https:\/\/elcazadorguatemala.com\/gt\/wp-json\/wp\/v2\/product_cat?post=799"},{"taxonomy":"product_tag","embeddable":true,"href":"https:\/\/elcazadorguatemala.com\/gt\/wp-json\/wp\/v2\/product_tag?post=799"}],"curies":[{"name":"wp","href":"https:\/\/api.w.org\/{rel}","templated":true}]}}