{"id":774,"date":"2020-09-02T16:23:19","date_gmt":"2020-09-02T22:23:19","guid":{"rendered":"http:\/\/elcazadorguatemala.com\/gt\/?post_type=product&#038;p=774"},"modified":"2020-09-02T16:23:19","modified_gmt":"2020-09-02T22:23:19","slug":"sig-225-229-9mm-funda-de-retencion-israeli-m1090tan","status":"publish","type":"product","link":"https:\/\/elcazadorguatemala.com\/gt\/product\/sig-225-229-9mm-funda-de-retencion-israeli-m1090tan\/","title":{"rendered":"Sig 225 229 9MM Funda de retenci\u00f3n israel\u00ed (M1090TAN)"},"content":{"rendered":"","protected":false},"excerpt":{"rendered":"<p><span data-sheets-value=\"{&quot;1&quot;:2,&quot;2&quot;:&quot;SIG 225229 FUNDA DE RETENCION 9MM ISRAELI TACTICAL\\n\\nNuevo \u2022 Funda de paleta de retenci\u00f3n t\u00e1ctica israel\u00ed \u2022 Construcci\u00f3n duradera de pol\u00edmero color canela \u2022 C\u00f3modo ajuste contorneado \u2022 Sistema de retenci\u00f3n de un solo bot\u00f3n f\u00e1cil de usar Funciona simplemente presionando la palanca \u2022 Totalmente ajustable para inclinarse usando la llave Allen incluida \u2022 Giran 360\u00ba y se pueden Se adapta f\u00e1cilmente para crossdraw, guardaespaldas o conductor \u2022 Peso ligero \u2022 Probado en combate \u2022 Sin costurasPara la marca de arma:        SIG SAUER        MPN:        \\nM1090TAN\\nColor:        \\nTan\\nTipo:        Tactical Holster\\nMarca:        Israeli     &quot;}\" data-sheets-userformat=\"{&quot;2&quot;:11261,&quot;3&quot;:{&quot;1&quot;:0},&quot;5&quot;:{&quot;1&quot;:[{&quot;1&quot;:2,&quot;2&quot;:0,&quot;5&quot;:{&quot;1&quot;:2,&quot;2&quot;:0}},{&quot;1&quot;:0,&quot;2&quot;:0,&quot;3&quot;:3},{&quot;1&quot;:1,&quot;2&quot;:0,&quot;4&quot;:1}]},&quot;6&quot;:{&quot;1&quot;:[{&quot;1&quot;:2,&quot;2&quot;:0,&quot;5&quot;:{&quot;1&quot;:2,&quot;2&quot;:0}},{&quot;1&quot;:0,&quot;2&quot;:0,&quot;3&quot;:3},{&quot;1&quot;:1,&quot;2&quot;:0,&quot;4&quot;:1}]},&quot;7&quot;:{&quot;1&quot;:[{&quot;1&quot;:2,&quot;2&quot;:0,&quot;5&quot;:{&quot;1&quot;:2,&quot;2&quot;:0}},{&quot;1&quot;:0,&quot;2&quot;:0,&quot;3&quot;:3},{&quot;1&quot;:1,&quot;2&quot;:0,&quot;4&quot;:1}]},&quot;8&quot;:{&quot;1&quot;:[{&quot;1&quot;:2,&quot;2&quot;:0,&quot;5&quot;:{&quot;1&quot;:2,&quot;2&quot;:0}},{&quot;1&quot;:0,&quot;2&quot;:0,&quot;3&quot;:3},{&quot;1&quot;:1,&quot;2&quot;:0,&quot;4&quot;:1}]},&quot;9&quot;:1,&quot;10&quot;:1,&quot;11&quot;:4,&quot;12&quot;:0,&quot;14&quot;:{&quot;1&quot;:2,&quot;2&quot;:0},&quot;16&quot;:12}\">SIG 225229 FUNDA DE RETENCION 9MM ISRAELI TACTICAL<\/p>\n<p>Nuevo \u2022 Funda de paleta de retenci\u00f3n t\u00e1ctica israel\u00ed \u2022 Construcci\u00f3n duradera de pol\u00edmero color canela \u2022 C\u00f3modo ajuste contorneado \u2022 Sistema de retenci\u00f3n de un solo bot\u00f3n f\u00e1cil de usar Funciona simplemente presionando la palanca \u2022 Totalmente ajustable para inclinarse usando la llave Allen incluida \u2022 Giran 360\u00ba y se pueden Se adapta f\u00e1cilmente para crossdraw, guardaespaldas o conductor \u2022 Peso ligero \u2022 Probado en combate \u2022 Sin costurasPara la marca de arma: SIG SAUER MPN:<br \/>\nM1090TAN<br \/>\nColor:<br \/>\nTan<br \/>\nTipo: Tactical Holster<br \/>\nMarca: Israeli <\/span><\/p>\n","protected":false},"featured_media":775,"comment_status":"open","ping_status":"closed","template":"","meta":[],"product_cat":[56],"product_tag":[166],"class_list":{"0":"post-774","1":"product","2":"type-product","3":"status-publish","4":"has-post-thumbnail","6":"product_cat-uncategorized-2","7":"product_tag-target-funda-sig-228-229-desert-tan","9":"first","10":"instock","11":"sale","12":"taxable","13":"shipping-taxable","14":"purchasable","15":"product-type-simple"},"_links":{"self":[{"href":"https:\/\/elcazadorguatemala.com\/gt\/wp-json\/wp\/v2\/product\/774","targetHints":{"allow":["GET"]}}],"collection":[{"href":"https:\/\/elcazadorguatemala.com\/gt\/wp-json\/wp\/v2\/product"}],"about":[{"href":"https:\/\/elcazadorguatemala.com\/gt\/wp-json\/wp\/v2\/types\/product"}],"replies":[{"embeddable":true,"href":"https:\/\/elcazadorguatemala.com\/gt\/wp-json\/wp\/v2\/comments?post=774"}],"wp:featuredmedia":[{"embeddable":true,"href":"https:\/\/elcazadorguatemala.com\/gt\/wp-json\/wp\/v2\/media\/775"}],"wp:attachment":[{"href":"https:\/\/elcazadorguatemala.com\/gt\/wp-json\/wp\/v2\/media?parent=774"}],"wp:term":[{"taxonomy":"product_cat","embeddable":true,"href":"https:\/\/elcazadorguatemala.com\/gt\/wp-json\/wp\/v2\/product_cat?post=774"},{"taxonomy":"product_tag","embeddable":true,"href":"https:\/\/elcazadorguatemala.com\/gt\/wp-json\/wp\/v2\/product_tag?post=774"}],"curies":[{"name":"wp","href":"https:\/\/api.w.org\/{rel}","templated":true}]}}