{"id":748,"date":"2020-09-02T14:39:06","date_gmt":"2020-09-02T20:39:06","guid":{"rendered":"http:\/\/elcazadorguatemala.com\/gt\/?post_type=product&#038;p=748"},"modified":"2020-09-02T14:39:07","modified_gmt":"2020-09-02T20:39:07","slug":"blackhawk-cqc-serpa-holster-w-belt-loop-and-paddle-right-hand-olive-drab-beretta-92-96-410504od-r-color-olive-drab-marca-de-pistola-beretta-modelo-de-pistola-beretta-92-beretta-96-longi","status":"publish","type":"product","link":"https:\/\/elcazadorguatemala.com\/gt\/product\/blackhawk-cqc-serpa-holster-w-belt-loop-and-paddle-right-hand-olive-drab-beretta-92-96-410504od-r-color-olive-drab-marca-de-pistola-beretta-modelo-de-pistola-beretta-92-beretta-96-longi\/","title":{"rendered":"BlackHawk CQC SERPA Holster w \/ Belt Loop and Paddle, Right Hand, Olive Drab, Beretta 92\/96, 410504OD-R &#8211; Color: Olive Drab, Marca de pistola: Beretta, Modelo de pistola: Beretta 92, Beretta 96, Longitud del ca\u00f1\u00f3n: 5, Mano: Derecha"},"content":{"rendered":"","protected":false},"excerpt":{"rendered":"<p><span data-sheets-value=\"{&quot;1&quot;:2,&quot;2&quot;:&quot;Funda BlackHawk CQC SERPA con presilla para cintur\u00f3n y pala, mano derecha, verde oliva, Beretta 92\/96, 410504OD-R Color: oliva gris, marca de pistola: Beretta, modelo de pistola: Beretta 92, Beretta 96, longitud del ca\u00f1\u00f3n: 5, Mano: Derecha, Tipo de funda: Funda de paleta, Tela \/ Material: Pol\u00edmero moldeado por inyecci\u00f3n, Tama\u00f1o de la funda: 4, Acabado: Mate, Cantidad: 1, Ocultable: S\u00ed, Caracter\u00edsticas adicionales: Modelo de cilindro de 3 pulgadas, Tipo de cierre \/ cierre: SERPA, Funda Acabado: Mate, Material de la funda: Pol\u00edmero moldeado por inyecci\u00f3n.&quot;}\" data-sheets-userformat=\"{&quot;2&quot;:11261,&quot;3&quot;:{&quot;1&quot;:0},&quot;5&quot;:{&quot;1&quot;:[{&quot;1&quot;:2,&quot;2&quot;:0,&quot;5&quot;:{&quot;1&quot;:2,&quot;2&quot;:0}},{&quot;1&quot;:0,&quot;2&quot;:0,&quot;3&quot;:3},{&quot;1&quot;:1,&quot;2&quot;:0,&quot;4&quot;:1}]},&quot;6&quot;:{&quot;1&quot;:[{&quot;1&quot;:2,&quot;2&quot;:0,&quot;5&quot;:{&quot;1&quot;:2,&quot;2&quot;:0}},{&quot;1&quot;:0,&quot;2&quot;:0,&quot;3&quot;:3},{&quot;1&quot;:1,&quot;2&quot;:0,&quot;4&quot;:1}]},&quot;7&quot;:{&quot;1&quot;:[{&quot;1&quot;:2,&quot;2&quot;:0,&quot;5&quot;:{&quot;1&quot;:2,&quot;2&quot;:0}},{&quot;1&quot;:0,&quot;2&quot;:0,&quot;3&quot;:3},{&quot;1&quot;:1,&quot;2&quot;:0,&quot;4&quot;:1}]},&quot;8&quot;:{&quot;1&quot;:[{&quot;1&quot;:2,&quot;2&quot;:0,&quot;5&quot;:{&quot;1&quot;:2,&quot;2&quot;:0}},{&quot;1&quot;:0,&quot;2&quot;:0,&quot;3&quot;:3},{&quot;1&quot;:1,&quot;2&quot;:0,&quot;4&quot;:1}]},&quot;9&quot;:1,&quot;10&quot;:1,&quot;11&quot;:4,&quot;12&quot;:0,&quot;14&quot;:{&quot;1&quot;:2,&quot;2&quot;:0},&quot;16&quot;:12}\">Funda BlackHawk CQC SERPA con presilla para cintur\u00f3n y pala, mano derecha, verde oliva, Beretta 92\/96, 410504OD-R Color: oliva gris, marca de pistola: Beretta, modelo de pistola: Beretta 92, Beretta 96, longitud del ca\u00f1\u00f3n: 5, Mano: Derecha, Tipo de funda: Funda de paleta, Tela \/ Material: Pol\u00edmero moldeado por inyecci\u00f3n, Tama\u00f1o de la funda: 4, Acabado: Mate, Cantidad: 1, Ocultable: S\u00ed, Caracter\u00edsticas adicionales: Modelo de cilindro de 3 pulgadas, Tipo de cierre \/ cierre: SERPA, Funda Acabado: Mate, Material de la funda: Pol\u00edmero moldeado por inyecci\u00f3n.<\/span><\/p>\n","protected":false},"featured_media":749,"comment_status":"open","ping_status":"closed","template":"","meta":[],"product_cat":[56],"product_tag":[153],"class_list":{"0":"post-748","1":"product","2":"type-product","3":"status-publish","4":"has-post-thumbnail","6":"product_cat-uncategorized-2","7":"product_tag-funda-serpa-color-verde-para-beretta-92-96","9":"first","10":"instock","11":"sale","12":"taxable","13":"shipping-taxable","14":"purchasable","15":"product-type-simple"},"_links":{"self":[{"href":"https:\/\/elcazadorguatemala.com\/gt\/wp-json\/wp\/v2\/product\/748","targetHints":{"allow":["GET"]}}],"collection":[{"href":"https:\/\/elcazadorguatemala.com\/gt\/wp-json\/wp\/v2\/product"}],"about":[{"href":"https:\/\/elcazadorguatemala.com\/gt\/wp-json\/wp\/v2\/types\/product"}],"replies":[{"embeddable":true,"href":"https:\/\/elcazadorguatemala.com\/gt\/wp-json\/wp\/v2\/comments?post=748"}],"wp:featuredmedia":[{"embeddable":true,"href":"https:\/\/elcazadorguatemala.com\/gt\/wp-json\/wp\/v2\/media\/749"}],"wp:attachment":[{"href":"https:\/\/elcazadorguatemala.com\/gt\/wp-json\/wp\/v2\/media?parent=748"}],"wp:term":[{"taxonomy":"product_cat","embeddable":true,"href":"https:\/\/elcazadorguatemala.com\/gt\/wp-json\/wp\/v2\/product_cat?post=748"},{"taxonomy":"product_tag","embeddable":true,"href":"https:\/\/elcazadorguatemala.com\/gt\/wp-json\/wp\/v2\/product_tag?post=748"}],"curies":[{"name":"wp","href":"https:\/\/api.w.org\/{rel}","templated":true}]}}