{"id":702,"date":"2020-09-02T11:27:14","date_gmt":"2020-09-02T17:27:14","guid":{"rendered":"http:\/\/elcazadorguatemala.com\/gt\/?post_type=product&#038;p=702"},"modified":"2020-09-02T11:27:15","modified_gmt":"2020-09-02T17:27:15","slug":"juego-de-adaptadores-glock-oem-mos-01-g34-g35-g41-9-mm-40-45","status":"publish","type":"product","link":"https:\/\/elcazadorguatemala.com\/gt\/product\/juego-de-adaptadores-glock-oem-mos-01-g34-g35-g41-9-mm-40-45\/","title":{"rendered":"Juego de adaptadores GLOCK OEM MOS 01 G34 \/ G35 \/ G41 9 mm \/ .40 \/ .45"},"content":{"rendered":"","protected":false},"excerpt":{"rendered":"<p><span data-sheets-value=\"{&quot;1&quot;:2,&quot;2&quot;:&quot;El juego de adaptadores GLOCK USA OEM MOS 01 le permite montar una variedad de \u00f3pticas reflejas en su GLOCK Gen 4 MOS equipado con Luger de 9 mm, .40 S&amp;W o .45 ACP. El sistema \u00f3ptico modular de GLOCK le brinda una forma r\u00e1pida, f\u00e1cil y s\u00f3lida de montar una \u00f3ptica r\u00e9flex o micro punto rojo en su pistola manual GLOCK. Mejore su precisi\u00f3n y velocidad de adquisici\u00f3n de objetivos con un GLOCK MOS G34, G35 y G41. Consiga un GLOCK Gen 4 MOS hoy mismo y experimente por usted mismo por qu\u00e9 lo llaman \\&quot;GLOCK Perfection\\&quot;.\\r\\n\\r\\nEspecificaciones y caracter\u00edsticas:\\r\\nJuego de adaptadores OEM MOS GLOCK USA 01 SP33531\\r\\n4 Soportes de sistema \u00f3ptico modular\\r\\nIncluye tornillos de hardware y destornillador Torx\\r\\nNegro Se\\r\\n\\r\\nadapta a:\\r\\nGLOCK Gen 4 Equipado con MOS\\r\\n\\r\\nSoportes G34, G35 y G41 Incluidos:\\r\\n01 - Docter, Meopta e Insight\\r\\n02 - Trijicon\\r\\n03 - C-More\\r\\n04 - Leupold&quot;}\" data-sheets-userformat=\"{&quot;2&quot;:11261,&quot;3&quot;:{&quot;1&quot;:0},&quot;5&quot;:{&quot;1&quot;:[{&quot;1&quot;:2,&quot;2&quot;:0,&quot;5&quot;:{&quot;1&quot;:2,&quot;2&quot;:0}},{&quot;1&quot;:0,&quot;2&quot;:0,&quot;3&quot;:3},{&quot;1&quot;:1,&quot;2&quot;:0,&quot;4&quot;:1}]},&quot;6&quot;:{&quot;1&quot;:[{&quot;1&quot;:2,&quot;2&quot;:0,&quot;5&quot;:{&quot;1&quot;:2,&quot;2&quot;:0}},{&quot;1&quot;:0,&quot;2&quot;:0,&quot;3&quot;:3},{&quot;1&quot;:1,&quot;2&quot;:0,&quot;4&quot;:1}]},&quot;7&quot;:{&quot;1&quot;:[{&quot;1&quot;:2,&quot;2&quot;:0,&quot;5&quot;:{&quot;1&quot;:2,&quot;2&quot;:0}},{&quot;1&quot;:0,&quot;2&quot;:0,&quot;3&quot;:3},{&quot;1&quot;:1,&quot;2&quot;:0,&quot;4&quot;:1}]},&quot;8&quot;:{&quot;1&quot;:[{&quot;1&quot;:2,&quot;2&quot;:0,&quot;5&quot;:{&quot;1&quot;:2,&quot;2&quot;:0}},{&quot;1&quot;:0,&quot;2&quot;:0,&quot;3&quot;:3},{&quot;1&quot;:1,&quot;2&quot;:0,&quot;4&quot;:1}]},&quot;9&quot;:1,&quot;10&quot;:1,&quot;11&quot;:4,&quot;12&quot;:0,&quot;14&quot;:{&quot;1&quot;:2,&quot;2&quot;:0},&quot;16&quot;:12}\">El juego de adaptadores GLOCK USA OEM MOS 01 le permite montar una variedad de \u00f3pticas reflejas en su GLOCK Gen 4 MOS equipado con Luger de 9 mm, .40 S&amp;W o .45 ACP. El sistema \u00f3ptico modular de GLOCK le brinda una forma r\u00e1pida, f\u00e1cil y s\u00f3lida de montar una \u00f3ptica r\u00e9flex o micro punto rojo en su pistola manual GLOCK. Mejore su precisi\u00f3n y velocidad de adquisici\u00f3n de objetivos con un GLOCK MOS G34, G35 y G41. Consiga un GLOCK Gen 4 MOS hoy mismo y experimente por usted mismo por qu\u00e9 lo llaman \u00abGLOCK Perfection\u00bb.<\/p>\n<p>Especificaciones y caracter\u00edsticas:<br \/>\nJuego de adaptadores OEM MOS GLOCK USA 01 SP33531<br \/>\n4 Soportes de sistema \u00f3ptico modular<br \/>\nIncluye tornillos de hardware y destornillador Torx<br \/>\nNegro Se<\/p>\n<p>adapta a:<br \/>\nGLOCK Gen 4 Equipado con MOS<\/p>\n<p>Soportes G34, G35 y G41 Incluidos:<br \/>\n01 &#8211; Docter, Meopta e Insight<br \/>\n02 &#8211; Trijicon<br \/>\n03 &#8211; C-More<br \/>\n04 &#8211; Leupold<\/span><\/p>\n","protected":false},"featured_media":703,"comment_status":"open","ping_status":"closed","template":"","meta":[],"product_cat":[70],"product_tag":[137],"class_list":{"0":"post-702","1":"product","2":"type-product","3":"status-publish","4":"has-post-thumbnail","6":"product_cat-monturas","7":"product_tag-juego-adaptadores-adapter-set-glock","9":"first","10":"instock","11":"sale","12":"taxable","13":"shipping-taxable","14":"purchasable","15":"product-type-simple"},"_links":{"self":[{"href":"https:\/\/elcazadorguatemala.com\/gt\/wp-json\/wp\/v2\/product\/702","targetHints":{"allow":["GET"]}}],"collection":[{"href":"https:\/\/elcazadorguatemala.com\/gt\/wp-json\/wp\/v2\/product"}],"about":[{"href":"https:\/\/elcazadorguatemala.com\/gt\/wp-json\/wp\/v2\/types\/product"}],"replies":[{"embeddable":true,"href":"https:\/\/elcazadorguatemala.com\/gt\/wp-json\/wp\/v2\/comments?post=702"}],"wp:featuredmedia":[{"embeddable":true,"href":"https:\/\/elcazadorguatemala.com\/gt\/wp-json\/wp\/v2\/media\/703"}],"wp:attachment":[{"href":"https:\/\/elcazadorguatemala.com\/gt\/wp-json\/wp\/v2\/media?parent=702"}],"wp:term":[{"taxonomy":"product_cat","embeddable":true,"href":"https:\/\/elcazadorguatemala.com\/gt\/wp-json\/wp\/v2\/product_cat?post=702"},{"taxonomy":"product_tag","embeddable":true,"href":"https:\/\/elcazadorguatemala.com\/gt\/wp-json\/wp\/v2\/product_tag?post=702"}],"curies":[{"name":"wp","href":"https:\/\/api.w.org\/{rel}","templated":true}]}}