{"id":1957,"date":"2020-10-07T16:45:10","date_gmt":"2020-10-07T22:45:10","guid":{"rendered":"http:\/\/elcazadorguatemala.com\/gt\/?post_type=product&#038;p=1957"},"modified":"2025-08-30T10:07:05","modified_gmt":"2025-08-30T16:07:05","slug":"empunadura-para-ar-15-marca-blackhawk-enhanced-pistol-grip-blackhawk","status":"publish","type":"product","link":"https:\/\/elcazadorguatemala.com\/gt\/product\/empunadura-para-ar-15-marca-blackhawk-enhanced-pistol-grip-blackhawk\/","title":{"rendered":"Empu\u00f1adura para AR-15 marca Blackhawk\/ Enhanced pistol grip Blackhawk"},"content":{"rendered":"","protected":false},"excerpt":{"rendered":"<p>Empu\u00f1adura para AR-15 marca Blackhawk\/ Enhanced pistol grip Blackhawk<\/p>\n<p>Caucho negro mate<\/p>\n<p>Esta empu\u00f1adura de pistola de dise\u00f1o ergon\u00f3mico con sutiles ranuras para los dedos es c\u00f3moda, evita la fatiga y ayuda a controlar el arma incluso con guantes. La superficie de agarre con textura agresiva minimiza el deslizamiento y es pr\u00e1cticamente impermeable a los aceites y disolventes utilizados en las armas de fuego. La extensi\u00f3n superior trasera integral sostiene la red de su mano. Esta empu\u00f1adura negra tiene un tap\u00f3n inferior de goma y compartimento de almacenamiento. Se adapta a la mayor\u00eda de rifles de estilo AR-15.<\/p>\n","protected":false},"featured_media":1958,"comment_status":"open","ping_status":"closed","template":"","meta":[],"product_cat":[124],"product_tag":[799,797,798],"class_list":{"0":"post-1957","1":"product","2":"type-product","3":"status-publish","4":"has-post-thumbnail","6":"product_cat-empunaduras","7":"product_tag-empunadura-para-ar-15","8":"product_tag-empunadura-para-ar-15-marca-blackhawk","9":"product_tag-enhanced-pistol-grip-blackhawk","11":"first","12":"outofstock","13":"sale","14":"taxable","15":"shipping-taxable","16":"purchasable","17":"product-type-simple"},"_links":{"self":[{"href":"https:\/\/elcazadorguatemala.com\/gt\/wp-json\/wp\/v2\/product\/1957","targetHints":{"allow":["GET"]}}],"collection":[{"href":"https:\/\/elcazadorguatemala.com\/gt\/wp-json\/wp\/v2\/product"}],"about":[{"href":"https:\/\/elcazadorguatemala.com\/gt\/wp-json\/wp\/v2\/types\/product"}],"replies":[{"embeddable":true,"href":"https:\/\/elcazadorguatemala.com\/gt\/wp-json\/wp\/v2\/comments?post=1957"}],"wp:featuredmedia":[{"embeddable":true,"href":"https:\/\/elcazadorguatemala.com\/gt\/wp-json\/wp\/v2\/media\/1958"}],"wp:attachment":[{"href":"https:\/\/elcazadorguatemala.com\/gt\/wp-json\/wp\/v2\/media?parent=1957"}],"wp:term":[{"taxonomy":"product_cat","embeddable":true,"href":"https:\/\/elcazadorguatemala.com\/gt\/wp-json\/wp\/v2\/product_cat?post=1957"},{"taxonomy":"product_tag","embeddable":true,"href":"https:\/\/elcazadorguatemala.com\/gt\/wp-json\/wp\/v2\/product_tag?post=1957"}],"curies":[{"name":"wp","href":"https:\/\/api.w.org\/{rel}","templated":true}]}}