{"id":1540,"date":"2020-09-12T08:37:20","date_gmt":"2020-09-12T14:37:20","guid":{"rendered":"http:\/\/elcazadorguatemala.com\/gt\/?post_type=product&#038;p=1540"},"modified":"2020-09-12T08:37:20","modified_gmt":"2020-09-12T14:37:20","slug":"marlin-model-60-front-takedown-screw-blued-original","status":"publish","type":"product","link":"https:\/\/elcazadorguatemala.com\/gt\/product\/marlin-model-60-front-takedown-screw-blued-original\/","title":{"rendered":"Marlin Model 60 Front Takedown Screw, Blued, ORIGINAL"},"content":{"rendered":"","protected":false},"excerpt":{"rendered":"<p>Tornillo de desmontaje delantero Marlin Model 60, pavonado. Esta pieza es una pieza OEM de f\u00e1brica de Marlin. Fabricado con las mismas especificaciones, materiales y est\u00e1ndares de f\u00e1brica que las piezas que ya est\u00e1n en su arma de fuego. Si\u00e9ntase seguro confiando en las piezas de Marlin Factory, uno de los nombres m\u00e1s antiguos de las armas de fuego estadounidenses.<\/p>\n<p>Fabricante: Marlin<\/p>\n","protected":false},"featured_media":1541,"comment_status":"open","ping_status":"closed","template":"","meta":[],"product_cat":[557],"product_tag":[570,569],"class_list":{"0":"post-1540","1":"product","2":"type-product","3":"status-publish","4":"has-post-thumbnail","6":"product_cat-repuestos-y-partes-de-armas","7":"product_tag-pavonado","8":"product_tag-tornillo-de-desmontaje-delantero-marlin-model-60","10":"first","11":"instock","12":"sale","13":"taxable","14":"shipping-taxable","15":"purchasable","16":"product-type-simple"},"_links":{"self":[{"href":"https:\/\/elcazadorguatemala.com\/gt\/wp-json\/wp\/v2\/product\/1540","targetHints":{"allow":["GET"]}}],"collection":[{"href":"https:\/\/elcazadorguatemala.com\/gt\/wp-json\/wp\/v2\/product"}],"about":[{"href":"https:\/\/elcazadorguatemala.com\/gt\/wp-json\/wp\/v2\/types\/product"}],"replies":[{"embeddable":true,"href":"https:\/\/elcazadorguatemala.com\/gt\/wp-json\/wp\/v2\/comments?post=1540"}],"wp:featuredmedia":[{"embeddable":true,"href":"https:\/\/elcazadorguatemala.com\/gt\/wp-json\/wp\/v2\/media\/1541"}],"wp:attachment":[{"href":"https:\/\/elcazadorguatemala.com\/gt\/wp-json\/wp\/v2\/media?parent=1540"}],"wp:term":[{"taxonomy":"product_cat","embeddable":true,"href":"https:\/\/elcazadorguatemala.com\/gt\/wp-json\/wp\/v2\/product_cat?post=1540"},{"taxonomy":"product_tag","embeddable":true,"href":"https:\/\/elcazadorguatemala.com\/gt\/wp-json\/wp\/v2\/product_tag?post=1540"}],"curies":[{"name":"wp","href":"https:\/\/api.w.org\/{rel}","templated":true}]}}