{"id":1536,"date":"2020-09-12T08:28:57","date_gmt":"2020-09-12T14:28:57","guid":{"rendered":"http:\/\/elcazadorguatemala.com\/gt\/?post_type=product&#038;p=1536"},"modified":"2020-09-12T08:28:57","modified_gmt":"2020-09-12T14:28:57","slug":"marlin-model-60-front-trigger-guard-nut-blued-or-stainless-models","status":"publish","type":"product","link":"https:\/\/elcazadorguatemala.com\/gt\/product\/marlin-model-60-front-trigger-guard-nut-blued-or-stainless-models\/","title":{"rendered":"Marlin Model 60 Front Trigger Guard Nut, Blued or Stainless Models"},"content":{"rendered":"","protected":false},"excerpt":{"rendered":"<p><span data-sheets-value=\"{&quot;1&quot;:2,&quot;2&quot;:&quot;Tuerca protectora del gatillo delantero modelo 60 de Marlin, modelos azulados o inoxidables. Esta pieza es una pieza OEM de f\u00e1brica de Marlin. Fabricado con las mismas especificaciones, materiales y est\u00e1ndares de f\u00e1brica que las piezas que ya est\u00e1n en su arma de fuego. Si\u00e9ntase seguro confiando en las piezas de Marlin Factory, uno de los nombres m\u00e1s antiguos de las armas de fuego estadounidenses.\\r\\n\\r\\nFabricante: Marlin&quot;}\" data-sheets-userformat=\"{&quot;2&quot;:1021,&quot;3&quot;:{&quot;1&quot;:0},&quot;5&quot;:{&quot;1&quot;:[{&quot;1&quot;:2,&quot;2&quot;:0,&quot;5&quot;:{&quot;1&quot;:2,&quot;2&quot;:0}},{&quot;1&quot;:0,&quot;2&quot;:0,&quot;3&quot;:3},{&quot;1&quot;:1,&quot;2&quot;:0,&quot;4&quot;:1}]},&quot;6&quot;:{&quot;1&quot;:[{&quot;1&quot;:2,&quot;2&quot;:0,&quot;5&quot;:{&quot;1&quot;:2,&quot;2&quot;:0}},{&quot;1&quot;:0,&quot;2&quot;:0,&quot;3&quot;:3},{&quot;1&quot;:1,&quot;2&quot;:0,&quot;4&quot;:1}]},&quot;7&quot;:{&quot;1&quot;:[{&quot;1&quot;:2,&quot;2&quot;:0,&quot;5&quot;:{&quot;1&quot;:2,&quot;2&quot;:0}},{&quot;1&quot;:0,&quot;2&quot;:0,&quot;3&quot;:3},{&quot;1&quot;:1,&quot;2&quot;:0,&quot;4&quot;:1}]},&quot;8&quot;:{&quot;1&quot;:[{&quot;1&quot;:2,&quot;2&quot;:0,&quot;5&quot;:{&quot;1&quot;:2,&quot;2&quot;:0}},{&quot;1&quot;:0,&quot;2&quot;:0,&quot;3&quot;:3},{&quot;1&quot;:1,&quot;2&quot;:0,&quot;4&quot;:1}]},&quot;9&quot;:1,&quot;10&quot;:1,&quot;11&quot;:4,&quot;12&quot;:0}\">Tuerca protectora del gatillo delantero modelo 60 de Marlin, modelos azulados o inoxidables. Esta pieza es una pieza OEM de f\u00e1brica de Marlin. Fabricado con las mismas especificaciones, materiales y est\u00e1ndares de f\u00e1brica que las piezas que ya est\u00e1n en su arma de fuego. Si\u00e9ntase seguro confiando en las piezas de Marlin Factory, uno de los nombres m\u00e1s antiguos de las armas de fuego estadounidenses.<\/p>\n<p>Fabricante: Marlin<\/span><\/p>\n","protected":false},"featured_media":1537,"comment_status":"open","ping_status":"closed","template":"","meta":[],"product_cat":[557],"product_tag":[566,565],"class_list":{"0":"post-1536","1":"product","2":"type-product","3":"status-publish","4":"has-post-thumbnail","6":"product_cat-repuestos-y-partes-de-armas","7":"product_tag-modelos-azulados-o-inoxidables","8":"product_tag-tuerca-protectora-del-gatillo-delantero-marlin-modelo-60","10":"first","11":"instock","12":"sale","13":"taxable","14":"shipping-taxable","15":"purchasable","16":"product-type-simple"},"_links":{"self":[{"href":"https:\/\/elcazadorguatemala.com\/gt\/wp-json\/wp\/v2\/product\/1536","targetHints":{"allow":["GET"]}}],"collection":[{"href":"https:\/\/elcazadorguatemala.com\/gt\/wp-json\/wp\/v2\/product"}],"about":[{"href":"https:\/\/elcazadorguatemala.com\/gt\/wp-json\/wp\/v2\/types\/product"}],"replies":[{"embeddable":true,"href":"https:\/\/elcazadorguatemala.com\/gt\/wp-json\/wp\/v2\/comments?post=1536"}],"wp:featuredmedia":[{"embeddable":true,"href":"https:\/\/elcazadorguatemala.com\/gt\/wp-json\/wp\/v2\/media\/1537"}],"wp:attachment":[{"href":"https:\/\/elcazadorguatemala.com\/gt\/wp-json\/wp\/v2\/media?parent=1536"}],"wp:term":[{"taxonomy":"product_cat","embeddable":true,"href":"https:\/\/elcazadorguatemala.com\/gt\/wp-json\/wp\/v2\/product_cat?post=1536"},{"taxonomy":"product_tag","embeddable":true,"href":"https:\/\/elcazadorguatemala.com\/gt\/wp-json\/wp\/v2\/product_tag?post=1536"}],"curies":[{"name":"wp","href":"https:\/\/api.w.org\/{rel}","templated":true}]}}