{"id":1454,"date":"2020-09-11T15:20:18","date_gmt":"2020-09-11T21:20:18","guid":{"rendered":"http:\/\/elcazadorguatemala.com\/gt\/?post_type=product&#038;p=1454"},"modified":"2020-09-11T15:20:18","modified_gmt":"2020-09-11T21:20:18","slug":"mec-gar-mag-colt-45-7rd-black","status":"publish","type":"product","link":"https:\/\/elcazadorguatemala.com\/gt\/product\/mec-gar-mag-colt-45-7rd-black\/","title":{"rendered":"MEC-GAR MAG COLT 45 7RD BLACK"},"content":{"rendered":"","protected":false},"excerpt":{"rendered":"<p><span data-sheets-value=\"{&quot;1&quot;:2,&quot;2&quot;:&quot;Los cargadores\/magazines MEC-GAR cumplen o superan las pautas de tolerancia \\&quot;\\&quot; estrictas pruebas y requisitos exigentes de los clientes militares y policiales de todo el mundo. MEC-GAR incorpora el m\u00e1s alto nivel de medidas de control de calidad durante el proceso de fabricaci\u00f3n y las dimensiones cr\u00edticas se verifican peri\u00f3dicamente para mantener las especificaciones de tolerancia.&quot;}\" data-sheets-userformat=\"{&quot;2&quot;:1021,&quot;3&quot;:{&quot;1&quot;:0},&quot;5&quot;:{&quot;1&quot;:[{&quot;1&quot;:2,&quot;2&quot;:0,&quot;5&quot;:{&quot;1&quot;:2,&quot;2&quot;:0}},{&quot;1&quot;:0,&quot;2&quot;:0,&quot;3&quot;:3},{&quot;1&quot;:1,&quot;2&quot;:0,&quot;4&quot;:1}]},&quot;6&quot;:{&quot;1&quot;:[{&quot;1&quot;:2,&quot;2&quot;:0,&quot;5&quot;:{&quot;1&quot;:2,&quot;2&quot;:0}},{&quot;1&quot;:0,&quot;2&quot;:0,&quot;3&quot;:3},{&quot;1&quot;:1,&quot;2&quot;:0,&quot;4&quot;:1}]},&quot;7&quot;:{&quot;1&quot;:[{&quot;1&quot;:2,&quot;2&quot;:0,&quot;5&quot;:{&quot;1&quot;:2,&quot;2&quot;:0}},{&quot;1&quot;:0,&quot;2&quot;:0,&quot;3&quot;:3},{&quot;1&quot;:1,&quot;2&quot;:0,&quot;4&quot;:1}]},&quot;8&quot;:{&quot;1&quot;:[{&quot;1&quot;:2,&quot;2&quot;:0,&quot;5&quot;:{&quot;1&quot;:2,&quot;2&quot;:0}},{&quot;1&quot;:0,&quot;2&quot;:0,&quot;3&quot;:3},{&quot;1&quot;:1,&quot;2&quot;:0,&quot;4&quot;:1}]},&quot;9&quot;:1,&quot;10&quot;:1,&quot;11&quot;:4,&quot;12&quot;:0}\">Los cargadores\/magazines MEC-GAR cumplen o superan las pautas de tolerancia \u00ab\u00bb estrictas pruebas y requisitos exigentes de los clientes militares y policiales de todo el mundo. MEC-GAR incorpora el m\u00e1s alto nivel de medidas de control de calidad durante el proceso de fabricaci\u00f3n y las dimensiones cr\u00edticas se verifican peri\u00f3dicamente para mantener las especificaciones de tolerancia.<\/span><\/p>\n","protected":false},"featured_media":1455,"comment_status":"open","ping_status":"closed","template":"","meta":[],"product_cat":[444],"product_tag":[521],"class_list":{"0":"post-1454","1":"product","2":"type-product","3":"status-publish","4":"has-post-thumbnail","6":"product_cat-tolvas-y-cargadores-magazine","7":"product_tag-mec-gar-mag-colt-45-7rd-black","9":"first","10":"instock","11":"sale","12":"taxable","13":"shipping-taxable","14":"purchasable","15":"product-type-simple"},"_links":{"self":[{"href":"https:\/\/elcazadorguatemala.com\/gt\/wp-json\/wp\/v2\/product\/1454","targetHints":{"allow":["GET"]}}],"collection":[{"href":"https:\/\/elcazadorguatemala.com\/gt\/wp-json\/wp\/v2\/product"}],"about":[{"href":"https:\/\/elcazadorguatemala.com\/gt\/wp-json\/wp\/v2\/types\/product"}],"replies":[{"embeddable":true,"href":"https:\/\/elcazadorguatemala.com\/gt\/wp-json\/wp\/v2\/comments?post=1454"}],"wp:featuredmedia":[{"embeddable":true,"href":"https:\/\/elcazadorguatemala.com\/gt\/wp-json\/wp\/v2\/media\/1455"}],"wp:attachment":[{"href":"https:\/\/elcazadorguatemala.com\/gt\/wp-json\/wp\/v2\/media?parent=1454"}],"wp:term":[{"taxonomy":"product_cat","embeddable":true,"href":"https:\/\/elcazadorguatemala.com\/gt\/wp-json\/wp\/v2\/product_cat?post=1454"},{"taxonomy":"product_tag","embeddable":true,"href":"https:\/\/elcazadorguatemala.com\/gt\/wp-json\/wp\/v2\/product_tag?post=1454"}],"curies":[{"name":"wp","href":"https:\/\/api.w.org\/{rel}","templated":true}]}}