{"id":1427,"date":"2020-09-11T11:28:10","date_gmt":"2020-09-11T17:28:10","guid":{"rendered":"http:\/\/elcazadorguatemala.com\/gt\/?post_type=product&#038;p=1427"},"modified":"2024-05-25T12:05:27","modified_gmt":"2024-05-25T18:05:27","slug":"e-lander-sarsilmaz-k2-9mm-9-x-19-steel-magazine-13-rondas","status":"publish","type":"product","link":"https:\/\/elcazadorguatemala.com\/gt\/product\/e-lander-sarsilmaz-k2-9mm-9-x-19-steel-magazine-13-rondas\/","title":{"rendered":"E-lander Sarsilmaz K2 9mm 9 \u00d7 19 Steel Magazine (13 rondas)"},"content":{"rendered":"","protected":false},"excerpt":{"rendered":"<p><span data-sheets-value=\"{&quot;1&quot;:2,&quot;2&quot;:&quot;Magazine \/ cargador de acero de alto rendimiento.              \\nProbado por fuerzas militares especiales y unidades antiterroristas.\\nRevestimiento corporal de resistencia fina, que dura hasta 96 horas de prueba de niebla salina.\\nSeguidores autonivelantes anti-inclinaci\u00f3n de \u00faltima generaci\u00f3n en varios colores.\\nPlaca de piso reforzada mejorada\\nCompatibilidad:\\nSarsilmaz K2 9mm 9x19 &quot;}\" data-sheets-userformat=\"{&quot;2&quot;:1021,&quot;3&quot;:{&quot;1&quot;:0},&quot;5&quot;:{&quot;1&quot;:[{&quot;1&quot;:2,&quot;2&quot;:0,&quot;5&quot;:{&quot;1&quot;:2,&quot;2&quot;:0}},{&quot;1&quot;:0,&quot;2&quot;:0,&quot;3&quot;:3},{&quot;1&quot;:1,&quot;2&quot;:0,&quot;4&quot;:1}]},&quot;6&quot;:{&quot;1&quot;:[{&quot;1&quot;:2,&quot;2&quot;:0,&quot;5&quot;:{&quot;1&quot;:2,&quot;2&quot;:0}},{&quot;1&quot;:0,&quot;2&quot;:0,&quot;3&quot;:3},{&quot;1&quot;:1,&quot;2&quot;:0,&quot;4&quot;:1}]},&quot;7&quot;:{&quot;1&quot;:[{&quot;1&quot;:2,&quot;2&quot;:0,&quot;5&quot;:{&quot;1&quot;:2,&quot;2&quot;:0}},{&quot;1&quot;:0,&quot;2&quot;:0,&quot;3&quot;:3},{&quot;1&quot;:1,&quot;2&quot;:0,&quot;4&quot;:1}]},&quot;8&quot;:{&quot;1&quot;:[{&quot;1&quot;:2,&quot;2&quot;:0,&quot;5&quot;:{&quot;1&quot;:2,&quot;2&quot;:0}},{&quot;1&quot;:0,&quot;2&quot;:0,&quot;3&quot;:3},{&quot;1&quot;:1,&quot;2&quot;:0,&quot;4&quot;:1}]},&quot;9&quot;:1,&quot;10&quot;:1,&quot;11&quot;:4,&quot;12&quot;:0}\">Magazine \/ cargador de acero de alto rendimiento.<br \/>\nProbado por fuerzas militares especiales y unidades antiterroristas.<br \/>\nRevestimiento corporal de resistencia fina, que dura hasta 96 horas de prueba de niebla salina.<br \/>\nSeguidores autonivelantes anti-inclinaci\u00f3n de \u00faltima generaci\u00f3n en varios colores.<br \/>\nPlaca de piso reforzada mejorada<br \/>\nCompatibilidad:<br \/>\nSarsilmaz K2 9mm 9&#215;19 <\/span><\/p>\n","protected":false},"featured_media":1428,"comment_status":"open","ping_status":"closed","template":"","meta":[],"product_cat":[444],"product_tag":[509],"class_list":{"0":"post-1427","1":"product","2":"type-product","3":"status-publish","4":"has-post-thumbnail","6":"product_cat-tolvas-y-cargadores-magazine","7":"product_tag-tolva-cargador-sarsilmaz-9mm-13-rd","9":"first","10":"outofstock","11":"sale","12":"taxable","13":"shipping-taxable","14":"purchasable","15":"product-type-simple"},"_links":{"self":[{"href":"https:\/\/elcazadorguatemala.com\/gt\/wp-json\/wp\/v2\/product\/1427","targetHints":{"allow":["GET"]}}],"collection":[{"href":"https:\/\/elcazadorguatemala.com\/gt\/wp-json\/wp\/v2\/product"}],"about":[{"href":"https:\/\/elcazadorguatemala.com\/gt\/wp-json\/wp\/v2\/types\/product"}],"replies":[{"embeddable":true,"href":"https:\/\/elcazadorguatemala.com\/gt\/wp-json\/wp\/v2\/comments?post=1427"}],"wp:featuredmedia":[{"embeddable":true,"href":"https:\/\/elcazadorguatemala.com\/gt\/wp-json\/wp\/v2\/media\/1428"}],"wp:attachment":[{"href":"https:\/\/elcazadorguatemala.com\/gt\/wp-json\/wp\/v2\/media?parent=1427"}],"wp:term":[{"taxonomy":"product_cat","embeddable":true,"href":"https:\/\/elcazadorguatemala.com\/gt\/wp-json\/wp\/v2\/product_cat?post=1427"},{"taxonomy":"product_tag","embeddable":true,"href":"https:\/\/elcazadorguatemala.com\/gt\/wp-json\/wp\/v2\/product_tag?post=1427"}],"curies":[{"name":"wp","href":"https:\/\/api.w.org\/{rel}","templated":true}]}}