{"id":1175,"date":"2020-09-08T15:45:31","date_gmt":"2020-09-08T21:45:31","guid":{"rendered":"http:\/\/elcazadorguatemala.com\/gt\/?post_type=product&#038;p=1175"},"modified":"2020-10-12T11:18:52","modified_gmt":"2020-10-12T17:18:52","slug":"1911-punos-colt-rampant-de-tamano-completo-w-ambi","status":"publish","type":"product","link":"https:\/\/elcazadorguatemala.com\/gt\/product\/1911-punos-colt-rampant-de-tamano-completo-w-ambi\/","title":{"rendered":"Cacha \/ Grips 1911 COLT RAMPANT DE TAMA\u00d1O COMPLETO W AMBI"},"content":{"rendered":"","protected":false},"excerpt":{"rendered":"<p><span data-sheets-value=\"{&quot;1&quot;:2,&quot;2&quot;:&quot;DESCRIPCI\u00d3N DEL PRODUCTO\\r\\nPu\u00f1os 1911 personalizados de tama\u00f1o completo - - N\u00edquel - C ompatible con seguridad ambidiestra\\r\\n \\r\\nCOLT 1911, \\r\\nKIMBER 1911, \\r\\nGSG y SIG SAUER 1911\/22 (22 CALIBRE),\\r\\nARMER\u00cdA DE ROCK ISLAND M1911-A1 .45acp, \\r\\nARMER\u00cdA DE SPRINGFIELD 1911, \\r\\nARMAS SCHUETZEN-SAFARI 1911, \\r\\nREMINGTON 1911 R1. \\r\\nCOMANDANTE RUGER SR1911 Y SR1911 \\r\\nBOLSA DE PISTOLA COLT DE TERCIOPELO GRATIS\\r\\nEsta es una bolsa de pistola de edici\u00f3n limitada hecha a medida para proteger su arma de fuego del polvo, ara\u00f1azos, \u00f3xido, etc.\\r\\nTambi\u00e9n puede ser una bolsa de regalo muy especial.\\r\\nTerciopelo negro de alta calidad\\r\\nTama\u00f1o:\\r\\n15 cm de ancho\\r\\n20 cm de largo\\r\\nPuede adaptarse a cualquier pistola peque\u00f1a\\r&quot;}\" data-sheets-userformat=\"{&quot;2&quot;:1021,&quot;3&quot;:{&quot;1&quot;:0},&quot;5&quot;:{&quot;1&quot;:[{&quot;1&quot;:2,&quot;2&quot;:0,&quot;5&quot;:{&quot;1&quot;:2,&quot;2&quot;:0}},{&quot;1&quot;:0,&quot;2&quot;:0,&quot;3&quot;:3},{&quot;1&quot;:1,&quot;2&quot;:0,&quot;4&quot;:1}]},&quot;6&quot;:{&quot;1&quot;:[{&quot;1&quot;:2,&quot;2&quot;:0,&quot;5&quot;:{&quot;1&quot;:2,&quot;2&quot;:0}},{&quot;1&quot;:0,&quot;2&quot;:0,&quot;3&quot;:3},{&quot;1&quot;:1,&quot;2&quot;:0,&quot;4&quot;:1}]},&quot;7&quot;:{&quot;1&quot;:[{&quot;1&quot;:2,&quot;2&quot;:0,&quot;5&quot;:{&quot;1&quot;:2,&quot;2&quot;:0}},{&quot;1&quot;:0,&quot;2&quot;:0,&quot;3&quot;:3},{&quot;1&quot;:1,&quot;2&quot;:0,&quot;4&quot;:1}]},&quot;8&quot;:{&quot;1&quot;:[{&quot;1&quot;:2,&quot;2&quot;:0,&quot;5&quot;:{&quot;1&quot;:2,&quot;2&quot;:0}},{&quot;1&quot;:0,&quot;2&quot;:0,&quot;3&quot;:3},{&quot;1&quot;:1,&quot;2&quot;:0,&quot;4&quot;:1}]},&quot;9&quot;:1,&quot;10&quot;:1,&quot;11&quot;:4,&quot;12&quot;:0}\">DESCRIPCI\u00d3N DEL PRODUCTO<br \/>\nPu\u00f1os 1911 personalizados de tama\u00f1o completo &#8211; &#8211; N\u00edquel &#8211; C ompatible con seguridad ambidiestra<\/span><\/p>\n<p>COLT 1911,<br \/>\nKIMBER 1911,<br \/>\nGSG y SIG SAUER 1911\/22 (22 CALIBRE),<br \/>\nARMER\u00cdA DE ROCK ISLAND M1911-A1 .45acp,<br \/>\nARMER\u00cdA DE SPRINGFIELD 1911,<br \/>\nARMAS SCHUETZEN-SAFARI 1911,<br \/>\nREMINGTON 1911 R1.<br \/>\nCOMANDANTE RUGER SR1911 Y SR1911<br \/>\nBOLSA DE PISTOLA COLT DE TERCIOPELO GRATIS<br \/>\nEsta es una bolsa de pistola de edici\u00f3n limitada hecha a medida para proteger su arma de fuego del polvo, ara\u00f1azos, \u00f3xido, etc.<br \/>\nTambi\u00e9n puede ser una bolsa de regalo muy especial.<br \/>\nTerciopelo negro de alta calidad<br \/>\nTama\u00f1o:<br \/>\n15 cm de ancho<br \/>\n20 cm de largo<br \/>\nPuede adaptarse a cualquier pistola peque\u00f1a<\/p>\n","protected":false},"featured_media":1176,"comment_status":"open","ping_status":"closed","template":"","meta":[],"product_cat":[56],"product_tag":[389],"class_list":{"0":"post-1175","1":"product","2":"type-product","3":"status-publish","4":"has-post-thumbnail","6":"product_cat-uncategorized-2","7":"product_tag-grips-metal-wambi-dorado-para-colt-1911","9":"first","10":"instock","11":"sale","12":"taxable","13":"shipping-taxable","14":"purchasable","15":"product-type-simple"},"_links":{"self":[{"href":"https:\/\/elcazadorguatemala.com\/gt\/wp-json\/wp\/v2\/product\/1175","targetHints":{"allow":["GET"]}}],"collection":[{"href":"https:\/\/elcazadorguatemala.com\/gt\/wp-json\/wp\/v2\/product"}],"about":[{"href":"https:\/\/elcazadorguatemala.com\/gt\/wp-json\/wp\/v2\/types\/product"}],"replies":[{"embeddable":true,"href":"https:\/\/elcazadorguatemala.com\/gt\/wp-json\/wp\/v2\/comments?post=1175"}],"wp:featuredmedia":[{"embeddable":true,"href":"https:\/\/elcazadorguatemala.com\/gt\/wp-json\/wp\/v2\/media\/1176"}],"wp:attachment":[{"href":"https:\/\/elcazadorguatemala.com\/gt\/wp-json\/wp\/v2\/media?parent=1175"}],"wp:term":[{"taxonomy":"product_cat","embeddable":true,"href":"https:\/\/elcazadorguatemala.com\/gt\/wp-json\/wp\/v2\/product_cat?post=1175"},{"taxonomy":"product_tag","embeddable":true,"href":"https:\/\/elcazadorguatemala.com\/gt\/wp-json\/wp\/v2\/product_tag?post=1175"}],"curies":[{"name":"wp","href":"https:\/\/api.w.org\/{rel}","templated":true}]}}