{"id":1109,"date":"2020-09-08T11:53:35","date_gmt":"2020-09-08T17:53:35","guid":{"rendered":"http:\/\/elcazadorguatemala.com\/gt\/?post_type=product&#038;p=1109"},"modified":"2024-04-27T06:09:57","modified_gmt":"2024-04-27T12:09:57","slug":"hogue-goma-grip-cz75-tz-75-p9-dedo-ranuras-negro-75000","status":"publish","type":"product","link":"https:\/\/elcazadorguatemala.com\/gt\/product\/hogue-goma-grip-cz75-tz-75-p9-dedo-ranuras-negro-75000\/","title":{"rendered":"Hogue Goma Grip, CZ75\/, TZ-75\/P9, Dedo Ranuras, Negro 75000"},"content":{"rendered":"","protected":false},"excerpt":{"rendered":"<p><span data-sheets-value=\"{&quot;1&quot;:2,&quot;2&quot;:&quot;Las empu\u00f1aduras de goma Hogue est\u00e1n moldeadas a partir de una goma sint\u00e9tica duradera que no es esponjosa ni pegajosa, pero brinda una sensaci\u00f3n suave de absorci\u00f3n de retroceso, sin afectar la precisi\u00f3n. Este caucho moderno requiere un proceso de moldeo completamente diferente al del neopreno ordinario y resulta en un agarre muy superior. El material utilizado no se separa ni deteriora y es resistente a todos los solventes y aceites utilizados alrededor de las armas de fuego.\\r\\n\\r\\nHogue Grips le brinda un ajuste de precisi\u00f3n duradero y durabilidad que proporcionar\u00e1 a\u00f1os de servicio confiable. La flexibilidad de los materiales y el proceso de moldeo le han permitido a Hogue producir agarres de goma superiores con caracter\u00edsticas que superan a todas las dem\u00e1s marcas.&quot;}\" data-sheets-userformat=\"{&quot;2&quot;:1021,&quot;3&quot;:{&quot;1&quot;:0},&quot;5&quot;:{&quot;1&quot;:[{&quot;1&quot;:2,&quot;2&quot;:0,&quot;5&quot;:{&quot;1&quot;:2,&quot;2&quot;:0}},{&quot;1&quot;:0,&quot;2&quot;:0,&quot;3&quot;:3},{&quot;1&quot;:1,&quot;2&quot;:0,&quot;4&quot;:1}]},&quot;6&quot;:{&quot;1&quot;:[{&quot;1&quot;:2,&quot;2&quot;:0,&quot;5&quot;:{&quot;1&quot;:2,&quot;2&quot;:0}},{&quot;1&quot;:0,&quot;2&quot;:0,&quot;3&quot;:3},{&quot;1&quot;:1,&quot;2&quot;:0,&quot;4&quot;:1}]},&quot;7&quot;:{&quot;1&quot;:[{&quot;1&quot;:2,&quot;2&quot;:0,&quot;5&quot;:{&quot;1&quot;:2,&quot;2&quot;:0}},{&quot;1&quot;:0,&quot;2&quot;:0,&quot;3&quot;:3},{&quot;1&quot;:1,&quot;2&quot;:0,&quot;4&quot;:1}]},&quot;8&quot;:{&quot;1&quot;:[{&quot;1&quot;:2,&quot;2&quot;:0,&quot;5&quot;:{&quot;1&quot;:2,&quot;2&quot;:0}},{&quot;1&quot;:0,&quot;2&quot;:0,&quot;3&quot;:3},{&quot;1&quot;:1,&quot;2&quot;:0,&quot;4&quot;:1}]},&quot;9&quot;:1,&quot;10&quot;:1,&quot;11&quot;:4,&quot;12&quot;:0}\">Las empu\u00f1aduras de goma Hogue est\u00e1n moldeadas a partir de una goma sint\u00e9tica duradera que no es esponjosa ni pegajosa, pero brinda una sensaci\u00f3n suave de absorci\u00f3n de retroceso, sin afectar la precisi\u00f3n. Este caucho moderno requiere un proceso de moldeo completamente diferente al del neopreno ordinario y resulta en un agarre muy superior. El material utilizado no se separa ni deteriora y es resistente a todos los solventes y aceites utilizados alrededor de las armas de fuego.<\/p>\n<p>Hogue Grips le brinda un ajuste de precisi\u00f3n duradero y durabilidad que proporcionar\u00e1 a\u00f1os de servicio confiable. La flexibilidad de los materiales y el proceso de moldeo le han permitido a Hogue producir agarres de goma superiores con caracter\u00edsticas que superan a todas las dem\u00e1s marcas.<\/span><\/p>\n","protected":false},"featured_media":1110,"comment_status":"open","ping_status":"closed","template":"","meta":[],"product_cat":[56],"product_tag":[350,352,349,353,351],"class_list":{"0":"post-1109","1":"product","2":"type-product","3":"status-publish","4":"has-post-thumbnail","6":"product_cat-uncategorized-2","7":"product_tag-cz-85","8":"product_tag-eaa","9":"product_tag-hogue-grip-para-cz-75","10":"product_tag-p9-sphinix","11":"product_tag-tz-75","13":"first","14":"outofstock","15":"sale","16":"taxable","17":"shipping-taxable","18":"purchasable","19":"product-type-simple"},"_links":{"self":[{"href":"https:\/\/elcazadorguatemala.com\/gt\/wp-json\/wp\/v2\/product\/1109","targetHints":{"allow":["GET"]}}],"collection":[{"href":"https:\/\/elcazadorguatemala.com\/gt\/wp-json\/wp\/v2\/product"}],"about":[{"href":"https:\/\/elcazadorguatemala.com\/gt\/wp-json\/wp\/v2\/types\/product"}],"replies":[{"embeddable":true,"href":"https:\/\/elcazadorguatemala.com\/gt\/wp-json\/wp\/v2\/comments?post=1109"}],"wp:featuredmedia":[{"embeddable":true,"href":"https:\/\/elcazadorguatemala.com\/gt\/wp-json\/wp\/v2\/media\/1110"}],"wp:attachment":[{"href":"https:\/\/elcazadorguatemala.com\/gt\/wp-json\/wp\/v2\/media?parent=1109"}],"wp:term":[{"taxonomy":"product_cat","embeddable":true,"href":"https:\/\/elcazadorguatemala.com\/gt\/wp-json\/wp\/v2\/product_cat?post=1109"},{"taxonomy":"product_tag","embeddable":true,"href":"https:\/\/elcazadorguatemala.com\/gt\/wp-json\/wp\/v2\/product_tag?post=1109"}],"curies":[{"name":"wp","href":"https:\/\/api.w.org\/{rel}","templated":true}]}}